{"id":2263,"date":"2026-01-20T02:39:42","date_gmt":"2026-01-20T02:39:42","guid":{"rendered":"https:\/\/ibadf.com.br\/?page_id=2263"},"modified":"2026-01-20T03:25:25","modified_gmt":"2026-01-20T03:25:25","slug":"todos-os-cursos","status":"publish","type":"page","link":"https:\/\/ibadf.com.br\/en\/todos-os-cursos\/","title":{"rendered":"Todos os cursos"},"content":{"rendered":"<div data-elementor-type=\"wp-page\" data-elementor-id=\"2263\" class=\"elementor elementor-2263\" data-elementor-post-type=\"page\">\n\t\t\t\t<div class=\"elementor-element elementor-element-f615c5b e-con-full e-flex wpr-particle-no wpr-jarallax-no wpr-parallax-no wpr-sticky-section-no e-con e-parent\" data-id=\"f615c5b\" data-element_type=\"container\" data-e-type=\"container\">\n\t\t\t\t<div class=\"elementor-element elementor-element-bd9ab56 elementor-widget__width-inherit elementor--h-position-center elementor--v-position-middle elementor-pagination-position-inside elementor-widget elementor-widget-slides\" data-id=\"bd9ab56\" data-element_type=\"widget\" data-e-type=\"widget\" data-settings=\"{&quot;navigation&quot;:&quot;dots&quot;,&quot;autoplay&quot;:&quot;yes&quot;,&quot;pause_on_hover&quot;:&quot;yes&quot;,&quot;pause_on_interaction&quot;:&quot;yes&quot;,&quot;autoplay_speed&quot;:5000,&quot;infinite&quot;:&quot;yes&quot;,&quot;transition&quot;:&quot;slide&quot;,&quot;transition_speed&quot;:500}\" data-widget_type=\"slides.default\">\n\t\t\t\t\t\t\t\t\t\t<div class=\"elementor-slides-wrapper elementor-main-swiper swiper\" role=\"region\" aria-roledescription=\"carousel\" aria-label=\"Slides\" dir=\"ltr\" data-animation=\"fadeInUp\">\n\t\t\t\t<div class=\"swiper-wrapper elementor-slides\">\n\t\t\t\t\t\t\t\t\t\t<div class=\"elementor-repeater-item-4be286c swiper-slide\" role=\"group\" aria-roledescription=\"slide\"><div class=\"swiper-slide-bg elementor-ken-burns elementor-ken-burns--in\" role=\"img\" aria-label=\"em-que-consiste-o-curso-de-teologia\"><\/div><div class=\"elementor-background-overlay\"><\/div><a class=\"swiper-slide-inner\" href=\"https:\/\/ibadf.com.br\/en\/curso\/\"><div class=\"swiper-slide-contents\"><div class=\"elementor-slide-heading\">CURSOS<\/div><div class=\"elementor-slide-description\">Inscreva-se no nosso curso inaugural gr\u00e1tis! Participe j\u00e1!!!<\/div><div  class=\"elementor-button elementor-slide-button elementor-size-sm\">Participe<\/div><\/div><\/a><\/div><div class=\"elementor-repeater-item-6dc20d5 swiper-slide\" role=\"group\" aria-roledescription=\"slide\"><div class=\"swiper-slide-bg elementor-ken-burns elementor-ken-burns--in\" role=\"img\" aria-label=\"899987-30w56onpsbzpwtyjy6e8e8\"><\/div><div class=\"elementor-background-overlay\"><\/div><a class=\"swiper-slide-inner\" href=\"https:\/\/ibadf.com.br\/en\/curso\/\"><div class=\"swiper-slide-contents\"><div class=\"elementor-slide-heading\">CURSOS<\/div><div class=\"elementor-slide-description\">Inscreva-se no nosso curso inaugural gr\u00e1tis! Participe j\u00e1!!!<\/div><div  class=\"elementor-button elementor-slide-button elementor-size-sm\">Participe<\/div><\/div><\/a><\/div><div class=\"elementor-repeater-item-91b11d2 swiper-slide\" role=\"group\" aria-roledescription=\"slide\"><div class=\"swiper-slide-bg elementor-ken-burns elementor-ken-burns--in\" role=\"img\" aria-label=\"teologia-1\"><\/div><div class=\"elementor-background-overlay\"><\/div><a class=\"swiper-slide-inner\" href=\"https:\/\/ibadf.com.br\/en\/curso\/\"><div class=\"swiper-slide-contents\"><div class=\"elementor-slide-heading\">CURSOS<\/div><div class=\"elementor-slide-description\">Inscreva-se no nosso curso inaugural gr\u00e1tis! Participe j\u00e1!!!<\/div><div  class=\"elementor-button elementor-slide-button elementor-size-sm\">Participe<\/div><\/div><\/a><\/div>\t\t\t\t<\/div>\n\t\t\t\t\t\t\t\t\t\t\t\t\t\t\t\t\t\t\t\t<div class=\"swiper-pagination\"><\/div>\n\t\t\t\t\t\t\t\t\t\t\t\t<\/div>\n\t\t\t\t\t\t\t\t<\/div>\n\t\t\t\t<\/div>\n\t\t<div class=\"elementor-element elementor-element-4ff8a84 e-flex e-con-boxed wpr-particle-no wpr-jarallax-no wpr-parallax-no wpr-sticky-section-no e-con e-parent\" data-id=\"4ff8a84\" data-element_type=\"container\" data-e-type=\"container\">\n\t\t\t\t\t<div class=\"e-con-inner\">\n\t\t<div class=\"elementor-element elementor-element-c1006c7 e-con-full e-flex wpr-particle-no wpr-jarallax-no wpr-parallax-no wpr-sticky-section-no e-con e-child\" data-id=\"c1006c7\" data-element_type=\"container\" data-e-type=\"container\">\n\t\t<div class=\"elementor-element elementor-element-c03dfae e-flex e-con-boxed wpr-particle-no wpr-jarallax-no wpr-parallax-no wpr-sticky-section-no e-con e-child\" data-id=\"c03dfae\" data-element_type=\"container\" data-e-type=\"container\">\n\t\t\t\t\t<div class=\"e-con-inner\">\n\t\t\t\t<div class=\"elementor-element elementor-element-090715e elementor-widget elementor-widget-heading\" data-id=\"090715e\" data-element_type=\"widget\" data-e-type=\"widget\" data-widget_type=\"heading.default\">\n\t\t\t\t\t<h2 class=\"elementor-heading-title elementor-size-default\">Confira nossos cursos<\/h2>\t\t\t\t<\/div>\n\t\t\t\t<div class=\"elementor-element elementor-element-148d687 elementor-widget elementor-widget-text-editor\" data-id=\"148d687\" data-element_type=\"widget\" data-e-type=\"widget\" data-widget_type=\"text-editor.default\">\n\t\t\t\t\t\t\t\t\t<p>Estude, aprenda e participe! Nossa plataforma te proporciona uma experi\u00eancia completa e satisfat\u00f3ria.<\/p>\t\t\t\t\t\t\t\t<\/div>\n\t\t\t\t<div class=\"elementor-element elementor-element-00b6b7e elementor-widget__width-initial elementor-widget-mobile__width-initial wpr-search-form-style-inner wpr-search-form-position-right elementor-invisible elementor-widget elementor-widget-wpr-search\" data-id=\"00b6b7e\" data-element_type=\"widget\" data-e-type=\"widget\" data-settings=\"{&quot;_animation&quot;:&quot;slideInLeft&quot;,&quot;_animation_delay&quot;:300}\" data-widget_type=\"wpr-search.default\">\n\t\t\t\t\t\n\t\t<form role=\"search\" method=\"get\" class=\"wpr-search-form\" action=\"https:\/\/ibadf.com.br\/en\/\" data-trp-original-action=\"https:\/\/ibadf.com.br\/en\">\n\n\t\t\t<div class=\"wpr-search-form-input-wrap elementor-clearfix\">\n\t\t\t\t<input class=\"wpr-search-form-input\" placeholder=\"Pesquisar cursos...\" aria-label=\"Pesquisar\" type=\"search\" name=\"s\" title=\"Search\" value=\"\" wpr-query-type=\"all\" wpr-taxonomy-type=\"\" number-of-results=\"2\" ajax-search=\"yes\" meta-query=\"\" show-description=\"yes\" number-of-words=\"30\" show-ajax-thumbnails=\"yes\" show-view-result-btn=\"\" show-product-price=\"yes\" view-result-text=\"View Results\" no-results=\"Nenhum curso encontrado\" exclude-without-thumb=\"\" link-target=\"_self\" password-protected=\"no\" attachments=\"no\">\n\t\t\t\t\n\t\t<button class=\"wpr-search-form-submit\" aria-label=\"Pesquisar\" type=\"submit\">\n\t\t\t\t\t\t\t<i class=\"fas fa-search\"><\/i>\n\t\t\t\t\t<\/button>\n\n\t\t\t\t\t<\/div>\n\n\t\t\t\t\t<input type=\"hidden\" name=\"trp-form-language\" value=\"en\"\/><\/form>\n\t\t<div class=\"wpr-data-fetch\">\n\t\t\t<span class=\"wpr-close-search\"><\/span>\n\t\t\t<ul><\/ul>\n\t\t\t\t\t<\/div>\n\t\t\n\t\t\t\t\t\t<\/div>\n\t\t\t\t<div class=\"elementor-element elementor-element-0e0685a elementor-widget elementor-widget-etlms-course-list tutor-addon etlms-course-list\" data-id=\"0e0685a\" data-element_type=\"widget\" data-e-type=\"widget\" data-widget_type=\"etlms-course-list.default\">\n\t\t\t\t<div class=\"elementor-widget-container\">\n\t\t\t\t\t<div class=\"tutor-wrap tutor-courses-wrap tutor-container etlms-course-list-main-wrap\">\n\t\t\t\t\t<div class=\"etlms-course-list-loop-wrap tutor-course-list tutor-grid tutor-grid-3\">\n\t\t\t\t\t\t\t<div class=\"etlms-course-list-col\">\n\t\t\t\t\t<div class=\"tutor-card tutor-course-card tutor-loop-course-container etlms-course-card-classic   etlms-has-hover-animation\">\n            <div class=\"tutor-course-thumbnail\">\n        <a href=\"https:\/\/ibadf.com.br\/en\/cursos\/new-course-2\/\" class=\"tutor-d-block\">\n            <div class=\"tutor-ratio tutor-ratio-16x9\">\n                <img decoding=\"async\" class=\"tutor-card-image-top\" src=\"https:\/\/ibadf.com.br\/wp-content\/uploads\/2024\/04\/logo-768x770.png\" alt=\"Novo curso\" loading=\"lazy\">\n            <\/div>\n        <\/a>\n    <\/div>\n<div class=\"tutor-course-bookmark\">\n    <span class=\"cart-required-login save-bookmark-btn tutor-iconic-btn tutor-iconic-btn-secondary\" data-course-id=\"2343\" role=\"button\">\n            <i class=\"tutor-icon-bookmark-line\"><\/i>\n        <\/span><\/div>\n\n    <div class=\"tutor-card-body\">\n        <div class=\"tutor-course-ratings tutor-mb-8\">\n    <div class=\"tutor-ratings\">\n        <div class=\"tutor-ratings-stars\">\n            <span class=\"tutor-icon-star-line\" data-rating-value=\"1\"><\/span><span class=\"tutor-icon-star-line\" data-rating-value=\"2\"><\/span><span class=\"tutor-icon-star-line\" data-rating-value=\"3\"><\/span><span class=\"tutor-icon-star-line\" data-rating-value=\"4\"><\/span><span class=\"tutor-icon-star-line\" data-rating-value=\"5\"><\/span>        <\/div>\n\n            <\/div>\n<\/div>\n<h3 class=\"tutor-course-name tutor-fs-5 tutor-fw-medium tutor-mb-12\" title=\"Novo curso\">\n    <a href=\"https:\/\/ibadf.com.br\/en\/cursos\/new-course-2\/\">Novo curso<\/a>\n<\/h3>\n    <\/div>\n\n    <div class=\"tutor-card-footer\">\n\t<div class=\"tutor-course-list-btn\"><a href=\"https:\/\/ibadf.com.br\/en\/cursos\/new-course-2\/\" class=\"tutor-btn tutor-btn-outline-primary tutor-btn-md tutor-btn-block tutor-open-login-modal\">Enroll Course<\/a><\/div><\/div>\n<\/div>\t\t\t\t<\/div>\n\t\t\t\t\t\t\t<div class=\"etlms-course-list-col\">\n\t\t\t\t\t<div class=\"tutor-card tutor-course-card tutor-loop-course-container etlms-course-card-classic   etlms-has-hover-animation\">\n            <div class=\"tutor-course-thumbnail\">\n        <a href=\"https:\/\/ibadf.com.br\/en\/cursos\/curso-intermediario-a-teologia\/\" class=\"tutor-d-block\">\n            <div class=\"tutor-ratio tutor-ratio-16x9\">\n                <img decoding=\"async\" class=\"tutor-card-image-top\" src=\"https:\/\/ibadf.com.br\/wp-content\/uploads\/2025\/11\/7-palavras-768x537.jpeg\" alt=\"Curso Intermedi\u00e1rio a Teologia\" loading=\"lazy\">\n            <\/div>\n        <\/a>\n    <\/div>\n<div class=\"tutor-course-bookmark\">\n    <span class=\"cart-required-login save-bookmark-btn tutor-iconic-btn tutor-iconic-btn-secondary\" data-course-id=\"1677\" role=\"button\">\n            <i class=\"tutor-icon-bookmark-line\"><\/i>\n        <\/span><\/div>\n\n    <div class=\"tutor-card-body\">\n        <div class=\"tutor-course-ratings tutor-mb-8\">\n    <div class=\"tutor-ratings\">\n        <div class=\"tutor-ratings-stars\">\n            <span class=\"tutor-icon-star-line\" data-rating-value=\"1\"><\/span><span class=\"tutor-icon-star-line\" data-rating-value=\"2\"><\/span><span class=\"tutor-icon-star-line\" data-rating-value=\"3\"><\/span><span class=\"tutor-icon-star-line\" data-rating-value=\"4\"><\/span><span class=\"tutor-icon-star-line\" data-rating-value=\"5\"><\/span>        <\/div>\n\n            <\/div>\n<\/div>\n<h3 class=\"tutor-course-name tutor-fs-5 tutor-fw-medium tutor-mb-12\" title=\"Curso Intermedi\u00e1rio a Teologia\">\n    <a href=\"https:\/\/ibadf.com.br\/en\/cursos\/curso-intermediario-a-teologia\/\">Curso Intermedi\u00e1rio a Teologia<\/a>\n<\/h3>\n    <\/div>\n\n    <div class=\"tutor-card-footer\">\n\t<div class=\"tutor-d-flex tutor-align-center tutor-justify-between\"><div class=\"list-item-price tutor-d-flex tutor-align-center\"> <span class=\"price tutor-fs-6 tutor-fw-bold tutor-color-black\"><del aria-hidden=\"true\"><span class=\"woocommerce-Price-amount amount\"><bdi><span class=\"woocommerce-Price-currencySymbol\">&#82;&#36;<\/span>&nbsp;149,90<\/bdi><\/span><\/del> <span class=\"screen-reader-text\" data-no-translation=\"\" data-trp-gettext=\"\">Original price was: &#082;&#036;&nbsp;149,90.<\/span><ins aria-hidden=\"true\"><span class=\"woocommerce-Price-amount amount\"><bdi><span class=\"woocommerce-Price-currencySymbol\">&#82;&#36;<\/span>&nbsp;99,90<\/bdi><\/span><\/ins><span class=\"screen-reader-text\" data-no-translation=\"\" data-trp-gettext=\"\">Current price is: &#082;&#036;&nbsp;99,90.<\/span> <\/span><\/div><div class=\"list-item-button\"> \n\t<a href=\"\/en\/wp-json\/wp\/v2\/pages\/2263?add-to-cart=2036\" data-quantity=\"1\" class=\"tutor-btn tutor-btn-outline-primary tutor-btn-md tutor-btn-block  product_type_simple add_to_cart_button  tutor-open-login-modal\" data-product_id=\"2036\" data-product_sku=\"\" aria-label=\"Add to cart: \u201cCurso Intermedi\u00e1rio a Teologia\u201d\" rel=\"nofollow\" data-no-translation-aria-label=\"\"><span class=\"tutor-icon-cart-line tutor-mr-8\"><\/span><span class=\"cart-text\" data-no-translation=\"\" data-trp-gettext=\"\">Add to cart<\/span><\/a> <\/div><\/div><\/div>\n<\/div>\t\t\t\t<\/div>\n\t\t\t\t\t\t\t<div class=\"etlms-course-list-col\">\n\t\t\t\t\t<div class=\"tutor-card tutor-course-card tutor-loop-course-container etlms-course-card-classic   etlms-has-hover-animation\">\n            <div class=\"tutor-course-thumbnail\">\n        <a href=\"https:\/\/ibadf.com.br\/en\/cursos\/introducao-a-teologia\/\" class=\"tutor-d-block\">\n            <div class=\"tutor-ratio tutor-ratio-16x9\">\n                <img decoding=\"async\" class=\"tutor-card-image-top\" src=\"https:\/\/ibadf.com.br\/wp-content\/uploads\/2025\/11\/899987-30w56onpsbzpwtyjy6e8e8.jpg\" alt=\"Introdu\u00e7\u00e3o \u00e0 Teologia\" loading=\"lazy\">\n            <\/div>\n        <\/a>\n    <\/div>\n<div class=\"tutor-course-bookmark\">\n    <span class=\"cart-required-login save-bookmark-btn tutor-iconic-btn tutor-iconic-btn-secondary\" data-course-id=\"1465\" role=\"button\">\n            <i class=\"tutor-icon-bookmark-line\"><\/i>\n        <\/span><\/div>\n\n    <div class=\"tutor-card-body\">\n        <div class=\"tutor-course-ratings tutor-mb-8\">\n    <div class=\"tutor-ratings\">\n        <div class=\"tutor-ratings-stars\">\n            <span class=\"tutor-icon-star-line\" data-rating-value=\"1\"><\/span><span class=\"tutor-icon-star-line\" data-rating-value=\"2\"><\/span><span class=\"tutor-icon-star-line\" data-rating-value=\"3\"><\/span><span class=\"tutor-icon-star-line\" data-rating-value=\"4\"><\/span><span class=\"tutor-icon-star-line\" data-rating-value=\"5\"><\/span>        <\/div>\n\n            <\/div>\n<\/div>\n<h3 class=\"tutor-course-name tutor-fs-5 tutor-fw-medium tutor-mb-12\" title=\"Introdu\u00e7\u00e3o \u00e0 Teologia\">\n    <a href=\"https:\/\/ibadf.com.br\/en\/cursos\/introducao-a-teologia\/\">Introdu\u00e7\u00e3o \u00e0 Teologia<\/a>\n<\/h3>\n    <\/div>\n\n    <div class=\"tutor-card-footer\">\n\t<div class=\"tutor-course-list-btn\"><a href=\"https:\/\/ibadf.com.br\/en\/cursos\/introducao-a-teologia\/\" class=\"tutor-btn tutor-btn-outline-primary tutor-btn-md tutor-btn-block tutor-open-login-modal\">Enroll Course<\/a><\/div><\/div>\n<\/div>\t\t\t\t<\/div>\n\t\t\t\t\t<\/div>\n\n\t\t\t\t\t\t\t<div class=\"etlms-course-list-pagination-wrap tutor-mt-32\">\n\t\t\t<div class=\"etlms-pagination prev-next\">\n\t\t\t\t\n\t\t\t\t\t\n\t\t\t\t\t\t<\/div>\n\t\t\t\t<\/div>\n<div class=\"tutor-modal tutor-login-modal\">\n\t<div class=\"tutor-modal-overlay\"><\/div>\n\t<div class=\"tutor-modal-window tutor-modal-window-sm\">\n\t\t<div class=\"tutor-modal-content tutor-modal-content-white\">\n\t\t\t<button class=\"tutor-iconic-btn tutor-modal-close-o\" data-tutor-modal-close>\n\t\t\t\t<span class=\"tutor-icon-times\" area-hidden=\"true\"><\/span>\n\t\t\t<\/button>\n\n\t\t\t<div class=\"tutor-modal-body\">\n\t\t\t\t<div class=\"tutor-py-48\">\n\t\t\t\t\t\t\t\t\t\t<div class=\"tutor-fs-4 tutor-fw-medium tutor-color-black tutor-mb-32\">Hi, Welcome back!<\/div>\n\t\t\t\t\t<form id=\"tutor-login-form\" method=\"post\" action=\"\">\n\t\t<input type=\"hidden\" id=\"_tutor_nonce\" name=\"_tutor_nonce\" value=\"987c424fb4\" \/><input type=\"hidden\" name=\"_wp_http_referer\" value=\"\/en\/wp-json\/wp\/v2\/pages\/2263\" \/>\t<input type=\"hidden\" name=\"tutor_action\" value=\"tutor_user_login\" \/>\n\t<input type=\"hidden\" name=\"redirect_to\" value=\"https:\/\/ibadf.com.br\/en\/wp-json\/wp\/v2\/pages\/2263\" \/>\n\n\t<div class=\"tutor-mb-20\">\n\t\t<input type=\"text\" class=\"tutor-form-control\" placeholder=\"Username or Email Address\" name=\"log\" value=\"\" size=\"20\" required>\n\t<\/div>\n\n\t<div class=\"tutor-mb-32\">\n\t\t<input type=\"password\" class=\"tutor-form-control\" placeholder=\"Password\" name=\"pwd\" value=\"\" size=\"20\" required>\n\t<\/div>\n\n\t<div class=\"tutor-login-error\"><\/div>\n\t\t\t<input type=\"hidden\" name=\"timezone\" value=\"+00:00\" \/>\n\t\t<script>\n\t\t\tdocument.addEventListener('DOMContentLoaded', function() {\n\t\t\t\tconst timezone = document.querySelector('input[name=\"timezone\"]');\n\t\t\t\tif ( timezone) {\n\t\t\t\t\tconst tz = Intl.DateTimeFormat().resolvedOptions().timeZone;\n\t\t\t\t\ttimezone.value = tz\n\t\t\t\t}\n\t\t\t});\n\t\t<\/script>\n\t\t\t<div class=\"tutor-d-flex tutor-justify-between tutor-align-center tutor-mb-40\">\n\t\t<div class=\"tutor-form-check\">\n\t\t\t<input id=\"tutor-login-agmnt-1\" type=\"checkbox\" class=\"tutor-form-check-input tutor-bg-black-40\" name=\"rememberme\" value=\"forever\" \/>\n\t\t\t<label for=\"tutor-login-agmnt-1\" class=\"tutor-fs-7 tutor-color-muted\">\n\t\t\t\tKeep me signed in\t\t\t<\/label>\n\t\t<\/div>\n\t\t<a href=\"https:\/\/ibadf.com.br\/en\/painel\/retrieve-password\" class=\"tutor-btn tutor-btn-ghost\">\n\t\t\tForgot Password?\t\t<\/a>\n\t<\/div>\n\n\t\t<button type=\"submit\" class=\"tutor-btn tutor-btn-primary tutor-btn-block\">\n\t\tSign In\t<\/button>\n\t\n\t\t\t\t\t<div class=\"tutor-text-center tutor-fs-6 tutor-color-secondary tutor-mt-20\">\n\t\t\tDon&#039;t have an account?&nbsp;\n\t\t\t<a href=\"https:\/\/ibadf.com.br\/en\/cadastro-de-alunos\/?redirect_to=https:\/\/ibadf.com.br\/en\/wp-json\/wp\/v2\/pages\/2263\" class=\"tutor-btn tutor-btn-link\">\n\t\t\t\tRegister Now\t\t\t<\/a>\n\t\t<\/div>\n\t\t<input type=\"hidden\" name=\"trp-form-language\" value=\"en\"\/><\/form>\n<script>\n\tdocument.addEventListener('DOMContentLoaded', function() {\n\t\tvar { __ } = wp.i18n;\n\t\tvar loginModal = document.querySelector('.tutor-modal.tutor-login-modal');\n\t\tvar errors = [];\n\t\tif (loginModal && errors.length) {\n\t\t\tloginModal.classList.add('tutor-is-active');\n\t\t}\n\t});\n<\/script>\n\n\t\t\t\t\t\t\t\t\t<\/div>\n\t\t\t\t\t\t\t<\/div>\n\t\t<\/div>\n\t<\/div>\n<\/div>\n\t\t\t\t<\/div>\n\t\t\t\t<\/div>\n\t\t\t\t\t<\/div>\n\t\t\t\t<\/div>\n\t\t\t\t<\/div>\n\t\t\t\t\t<\/div>\n\t\t\t\t<\/div>\n\t\t<div class=\"elementor-element elementor-element-80c0f82 e-con-full e-flex wpr-particle-no wpr-jarallax-no wpr-parallax-no wpr-sticky-section-no elementor-invisible e-con e-parent\" data-id=\"80c0f82\" data-element_type=\"container\" data-e-type=\"container\" data-settings=\"{&quot;background_background&quot;:&quot;video&quot;,&quot;background_video_link&quot;:&quot;https:\\\/\\\/youtu.be\\\/HsWYxfVzX_U&quot;,&quot;background_video_end&quot;:20,&quot;animation&quot;:&quot;fadeIn&quot;,&quot;background_play_on_mobile&quot;:&quot;yes&quot;}\">\n\t\t<div class=\"elementor-background-video-container\">\n\t\t\t\t\t\t\t<div class=\"elementor-background-video-embed\" role=\"presentation\"><\/div>\n\t\t\t\t\t\t<\/div><div class=\"elementor-element elementor-element-e89c43d e-flex e-con-boxed wpr-particle-no wpr-jarallax-no wpr-parallax-no wpr-sticky-section-no e-con e-child\" data-id=\"e89c43d\" data-element_type=\"container\" data-e-type=\"container\">\n\t\t\t\t\t<div class=\"e-con-inner\">\n\t\t\t\t<div class=\"elementor-element elementor-element-7a2e5e5 wpr-dual-heading-icon-top elementor-widget elementor-widget-wpr-dual-color-heading\" data-id=\"7a2e5e5\" data-element_type=\"widget\" data-e-type=\"widget\" data-widget_type=\"wpr-dual-color-heading.default\">\n\t\t\t\t\t\t\t\t<div class=\"wpr-dual-heading-wrap\">\n\t\t\t\t<div class=\"wpr-dual-title-wrap\">\n\t\t\t\t\t<h2 class=\"wpr-dual-title\">\n\t\t\t\t\t\t\t\t\t\t\t<span class=\"first\">Receba sua Acredita\u00e7\u00e3o de Excel\u00eancia<\/span>\n\t\t\t\t\t\t\t\t\t\t\n\t\t\t\t\t\t\t\t\t\t\t<span class=\"second\">Venha para a IBADF<\/span>\n\t\t\t\t\t\t\t\t\t\t<\/h2>\n\t\t\t\t<\/div>\n\t\t\t\t\n\t\t\t\t\n\t\t\t\t\n\t\t\t<\/div>\n\t\t\t\t\t\t<\/div>\n\t\t\t\t<div class=\"elementor-element elementor-element-86137a5 elementor-widget elementor-widget-text-editor\" data-id=\"86137a5\" data-element_type=\"widget\" data-e-type=\"widget\" data-widget_type=\"text-editor.default\">\n\t\t\t\t\t\t\t\t\t<p>O material \u00e9 de <b>alta qualidade<\/b> e a plataforma \u00e9 super f\u00e1cil de usar. Agora, com o certificado, sinto que minha forma\u00e7\u00e3o teol\u00f3gica est\u00e1 completa e <b>validada<\/b>.<\/p>\t\t\t\t\t\t\t\t<\/div>\n\t\t\t\t<div class=\"elementor-element elementor-element-4e67978 wpr-button-icon-style-inline wpr-button-icon-position-right elementor-widget elementor-widget-wpr-button\" data-id=\"4e67978\" data-element_type=\"widget\" data-e-type=\"widget\" data-widget_type=\"wpr-button.default\">\n\t\t\t\t\t\t\n\t\t\t\n\t\t\n\t\t<div class=\"wpr-button-wrap elementor-clearfix\">\n\t\t<a class=\"wpr-button wpr-button-effect wpr-button-none\" data-text=\"\" href=\"https:\/\/ibadf.com.br\/en\/contato\/\">\n\t\t\t\n\t\t\t<span class=\"wpr-button-content\">\n\t\t\t\t\t\t\t\t\t<span class=\"wpr-button-text\">Fale conosco<\/span>\n\t\t\t\t\t\t\t\t\n\t\t\t\t\t\t\t<\/span>\n\t\t<\/a>\n\n\t\t\t\t<\/div>\n\t\n\t\n\t\t\t\t\t<\/div>\n\t\t\t\t\t<\/div>\n\t\t\t\t<\/div>\n\t\t\t\t<\/div>\n\t\t\t\t<\/div>","protected":false},"excerpt":{"rendered":"<p>CURSOSInscreva-se no nosso curso inaugural gr\u00e1tis! Participe j\u00e1!!!ParticipeCURSOSInscreva-se no nosso curso inaugural gr\u00e1tis! Participe j\u00e1!!!ParticipeCURSOSInscreva-se no nosso curso inaugural gr\u00e1tis! Participe j\u00e1!!!Participe Confira nossos cursos Estude, aprenda e participe! Nossa plataforma te proporciona uma experi\u00eancia completa e satisfat\u00f3ria. More than 2 results are available in the PRO version (This notice is only visible to admin users) Curso Intermedi\u00e1rio a Teologia Comece a estudar Introdu\u00e7\u00e3o \u00e0 Teologia Matricular-se no Curso Receba sua Acredita\u00e7\u00e3o de Excel\u00eancia Venha para a IBADF O material \u00e9 de alta qualidade e a plataforma \u00e9 super f\u00e1cil de usar. Agora, com o certificado, sinto que minha forma\u00e7\u00e3o teol\u00f3gica est\u00e1 completa e validada. Fale conosco<\/p>","protected":false},"author":1,"featured_media":0,"parent":0,"menu_order":0,"comment_status":"closed","ping_status":"closed","template":"elementor_canvas","meta":{"footnotes":""},"class_list":["post-2263","page","type-page","status-publish","hentry"],"_links":{"self":[{"href":"https:\/\/ibadf.com.br\/en\/wp-json\/wp\/v2\/pages\/2263","targetHints":{"allow":["GET"]}}],"collection":[{"href":"https:\/\/ibadf.com.br\/en\/wp-json\/wp\/v2\/pages"}],"about":[{"href":"https:\/\/ibadf.com.br\/en\/wp-json\/wp\/v2\/types\/page"}],"author":[{"embeddable":true,"href":"https:\/\/ibadf.com.br\/en\/wp-json\/wp\/v2\/users\/1"}],"replies":[{"embeddable":true,"href":"https:\/\/ibadf.com.br\/en\/wp-json\/wp\/v2\/comments?post=2263"}],"version-history":[{"count":52,"href":"https:\/\/ibadf.com.br\/en\/wp-json\/wp\/v2\/pages\/2263\/revisions"}],"predecessor-version":[{"id":2336,"href":"https:\/\/ibadf.com.br\/en\/wp-json\/wp\/v2\/pages\/2263\/revisions\/2336"}],"wp:attachment":[{"href":"https:\/\/ibadf.com.br\/en\/wp-json\/wp\/v2\/media?parent=2263"}],"curies":[{"name":"wp","href":"https:\/\/api.w.org\/{rel}","templated":true}]}}